{"id":17357,"date":"2020-07-11T03:50:41","date_gmt":"2020-07-11T03:50:41","guid":{"rendered":"http:\/\/demo.creativesplanet.com\/greenly\/greenly-site1\/?page_id=17357"},"modified":"2023-04-10T12:05:33","modified_gmt":"2023-04-10T12:05:33","slug":"ice-africa","status":"publish","type":"page","link":"https:\/\/iceafrica.ma\/fr\/ice-africa\/","title":{"rendered":"ICE AFRICA"},"content":{"rendered":"<div data-elementor-type=\"wp-page\" data-elementor-id=\"17357\" class=\"elementor elementor-17357\">\n\t\t\t\t\t\t<section class=\"elementor-section elementor-top-section elementor-element elementor-element-65cd58e cspt-col-stretched-none cspt-bg-color-over-image elementor-section-boxed elementor-section-height-default elementor-section-height-default\" data-id=\"65cd58e\" data-element_type=\"section\" data-e-type=\"section\">\n\t\t\t\t\t\t<div class=\"elementor-container elementor-column-gap-default\">\n\t\t\t\t\t<div class=\"elementor-column elementor-col-50 elementor-top-column elementor-element elementor-element-2a81a75 cspt-bg-color-over-image\" data-id=\"2a81a75\" data-element_type=\"column\" data-e-type=\"column\">\n\t\t\t<div class=\"elementor-widget-wrap elementor-element-populated\">\n\t\t\t\t\t\t<div class=\"elementor-element elementor-element-78093b3 cspt-align-left elementor-widget elementor-widget-cspt_heading\" data-id=\"78093b3\" data-element_type=\"widget\" data-e-type=\"widget\" data-widget_type=\"cspt_heading.default\">\n\t\t\t\t<div class=\"elementor-widget-container\">\n\t\t\t\t\t\t<div class=\"cspt-heading-subheading left-align cspt-reverse-heading-yes\"><h4 class=\"cspt-element-subtitle\">\n\t\t\t\n\t\t\t\tNOTRE COMPAGNIE\n\t\t\t\n\t\t\t<\/h4>\n\t\t<h2 class=\"cspt-element-title\">\n\t\t\t\n\t\t\t\tICE AFRICA SARL \n\t\t\t\n\t\t\t<\/h2>\n\t\t<\/div>\t\t\t\t<\/div>\n\t\t\t\t<\/div>\n\t\t\t\t<div class=\"elementor-element elementor-element-276acbf elementor-widget elementor-widget-text-editor\" data-id=\"276acbf\" data-element_type=\"widget\" data-e-type=\"widget\" data-widget_type=\"text-editor.default\">\n\t\t\t\t<div class=\"elementor-widget-container\">\n\t\t\t\t\t\t\t\t\t<p>Ice Africa sarl a \u00e9t\u00e9 fond\u00e9e en 2011 et ach\u00e8te, vend, produit et co-conditionne du poisson en conserve et surgel\u00e9. nos pays d'approvisionnement sont l'Islande, la Namibie, l'Espagne et le Maroc d'o\u00f9 provient l'essentiel de l'approvisionnement.\u00a0<\/p><p>Nous soulignons que nos produits sont fabriqu\u00e9s \u00e0 partir des mati\u00e8res premi\u00e8res les plus fra\u00eeches disponibles. Nous avons des inspecteurs pr\u00e9sents \u00e0 tous les points de chargement pour garantir que les normes de qualit\u00e9 les plus \u00e9lev\u00e9es sont respect\u00e9es.\u00a0<\/p><p>Notre objectif est de fournir \u00e0 nos clients des produits de la p\u00eache qui sont p\u00each\u00e9s selon des m\u00e9thodes responsables et durables de r\u00e9colte de l'oc\u00e9an est une ressource. Nous sommes fiers de livrer ce qui a \u00e9t\u00e9 promis au bon moment et la r\u00e9putation de notre entreprise est sa fiabilit\u00e9.<\/p>\t\t\t\t\t\t\t\t<\/div>\n\t\t\t\t<\/div>\n\t\t\t\t\t<\/div>\n\t\t<\/div>\n\t\t\t\t<div class=\"elementor-column elementor-col-50 elementor-top-column elementor-element elementor-element-83df579 cspt-bg-color-over-image\" data-id=\"83df579\" data-element_type=\"column\" data-e-type=\"column\">\n\t\t\t<div class=\"elementor-widget-wrap elementor-element-populated\">\n\t\t\t\t\t\t<div class=\"elementor-element elementor-element-a6a9100 elementor-widget elementor-widget-image\" data-id=\"a6a9100\" data-element_type=\"widget\" data-e-type=\"widget\" data-widget_type=\"image.default\">\n\t\t\t\t<div class=\"elementor-widget-container\">\n\t\t\t\t\t\t\t\t\t\t\t\t\t\t\t<img decoding=\"async\" src=\"https:\/\/iceafrica.ma\/wp-content\/uploads\/2022\/06\/20190220_101901-scaled.jpg\" title=\"20190220_101901\" alt=\"20190220_101901\" loading=\"lazy\" \/>\t\t\t\t\t\t\t\t\t\t\t\t\t\t\t<\/div>\n\t\t\t\t<\/div>\n\t\t\t\t\t<\/div>\n\t\t<\/div>\n\t\t\t\t\t<\/div>\n\t\t<\/section>\n\t\t\t\t<section class=\"elementor-section elementor-top-section elementor-element elementor-element-d1e19ba elementor-section-stretched elementor-hidden-desktop elementor-hidden-tablet elementor-hidden-mobile cspt-col-stretched-none cspt-bg-color-over-image elementor-section-boxed elementor-section-height-default elementor-section-height-default\" data-id=\"d1e19ba\" data-element_type=\"section\" data-e-type=\"section\" data-settings=\"{&quot;stretch_section&quot;:&quot;section-stretched&quot;,&quot;background_background&quot;:&quot;classic&quot;}\">\n\t\t\t\t\t\t<div class=\"elementor-container elementor-column-gap-default\">\n\t\t\t\t\t<div class=\"elementor-column elementor-col-50 elementor-top-column elementor-element elementor-element-6fb59eb cspt-bg-color-over-image\" data-id=\"6fb59eb\" data-element_type=\"column\" data-e-type=\"column\">\n\t\t\t<div class=\"elementor-widget-wrap\">\n\t\t\t\t\t\t\t<\/div>\n\t\t<\/div>\n\t\t\t\t<div class=\"elementor-column elementor-col-50 elementor-top-column elementor-element elementor-element-adecb42 cspt-bg-color-over-image\" data-id=\"adecb42\" data-element_type=\"column\" data-e-type=\"column\">\n\t\t\t<div class=\"elementor-widget-wrap elementor-element-populated\">\n\t\t\t\t\t\t<div class=\"elementor-element elementor-element-18779db elementor-widget elementor-widget-cspt_testimonial_element\" data-id=\"18779db\" data-element_type=\"widget\" data-e-type=\"widget\" data-widget_type=\"cspt_testimonial_element.default\">\n\t\t\t\t<div class=\"elementor-widget-container\">\n\t\t\t\t\t\n\t\t<div class=\"creativesplanet-element creativesplanet-element-testimonial cspt-element-testimonial-style-1 creativesplanet-element-viewtype-carousel creativesplanet-gap-15px\" data-show=\"3\" data-columns=\"1\" data-loop=\"false\" data-autoplay=\"false\" data-center=\"false\" data-nav=\"false\" data-dots=\"true\" data-autoplayspeed=\"1000\" data-margin=\"15px\"><div class=\"creativesplanet-element-inner\">\n\t\t\n\t\t\t<div class=\"cspt-ele-header-area\">\n\t\t\t\t\t<div class=\"cspt-heading-subheading left-align\"><\/div>\n\t\t\t\t\n\t\t\t<\/div>\n\n\t\t\t<div class=\"cspt-element-posts-wrapper row multi-columns-row\">\n\n\t\t\t<div class=\"cspt-ele cspt-testimonial-ele col-md-12\"><article class=\"creativesplanet-ele creativesplanet-ele-testimonial cspt-testimonial-style-1 cspt-testimonial-active\"><div class=\"creativesplanet-post-item\">\n\t<div class=\"creativesplanet-box-content\">\t\t\n\t\t<div class=\"creativesplanet-box-desc\">\n\t\t\t<blockquote class=\"creativesplanet-testimonial-text\"><p>Cut down on all your work by collaborating with our Launch Pad team to get the framework of your online business up and running in no time.<\/p>\n<\/blockquote>\n\t\t<\/div>\t\t\n\t\t<div class=\"creativesplanet-box-author\">\t\n\t\t    <div class=\"creativesplanet-box-img\"><div class=\"cspt-featured-wrapper\"><a href=\"https:\/\/iceafrica.ma\/fr\/testimonial\/john-doe\/\"><img decoding=\"async\" width=\"150\" height=\"150\" src=\"https:\/\/iceafrica.ma\/wp-content\/uploads\/2018\/02\/testimonial-2-150x150.jpg\" class=\"attachment-thumbnail size-thumbnail wp-post-image\" alt=\"\" srcset=\"https:\/\/iceafrica.ma\/wp-content\/uploads\/2018\/02\/testimonial-2.jpg 150w, https:\/\/iceafrica.ma\/wp-content\/uploads\/2018\/02\/testimonial-2-100x100.jpg 100w\" sizes=\"(max-width: 150px) 100vw, 150px\" data-id=\"8792\" \/><\/a><\/div><\/div>\t\n\t\t\t<h3 class=\"creativesplanet-box-title\">Victoria Porter<\/h3>\t\t\t\n\t\t\t<span class=\"cspt-designation\">CEO of Bata<\/span>\t\t\t\t\t<\/div>\n\t<\/div>\t\n<\/div><\/article><\/div><div class=\"cspt-ele cspt-testimonial-ele col-md-12\"><article class=\"creativesplanet-ele creativesplanet-ele-testimonial cspt-testimonial-style-1\"><div class=\"creativesplanet-post-item\">\n\t<div class=\"creativesplanet-box-content\">\t\t\n\t\t<div class=\"creativesplanet-box-desc\">\n\t\t\t<blockquote class=\"creativesplanet-testimonial-text\"><p>Cut down on all your work by collaborating with our Launch Pad team to get the framework of your online business up and running in no time.<\/p>\n<\/blockquote>\n\t\t<\/div>\t\t\n\t\t<div class=\"creativesplanet-box-author\">\t\n\t\t    <div class=\"creativesplanet-box-img\"><div class=\"cspt-featured-wrapper\"><a href=\"https:\/\/iceafrica.ma\/fr\/testimonial\/micheal-newman\/\"><img decoding=\"async\" width=\"150\" height=\"150\" src=\"https:\/\/iceafrica.ma\/wp-content\/uploads\/2018\/02\/testimonial-2-150x150.jpg\" class=\"attachment-thumbnail size-thumbnail wp-post-image\" alt=\"\" srcset=\"https:\/\/iceafrica.ma\/wp-content\/uploads\/2018\/02\/testimonial-2.jpg 150w, https:\/\/iceafrica.ma\/wp-content\/uploads\/2018\/02\/testimonial-2-100x100.jpg 100w\" sizes=\"(max-width: 150px) 100vw, 150px\" data-id=\"8792\" \/><\/a><\/div><\/div>\t\n\t\t\t<h3 class=\"creativesplanet-box-title\">Maria Flynn<\/h3>\t\t\t\n\t\t\t<span class=\"cspt-designation\">CEO of Bata<\/span>\t\t\t\t\t<\/div>\n\t<\/div>\t\n<\/div><\/article><\/div><div class=\"cspt-ele cspt-testimonial-ele col-md-12\"><article class=\"creativesplanet-ele creativesplanet-ele-testimonial cspt-testimonial-style-1\"><div class=\"creativesplanet-post-item\">\n\t<div class=\"creativesplanet-box-content\">\t\t\n\t\t<div class=\"creativesplanet-box-desc\">\n\t\t\t<blockquote class=\"creativesplanet-testimonial-text\"><p>Cut down on all your work by collaborating with our Launch Pad team to get the framework of your online business up and running in no time.<\/p>\n<\/blockquote>\n\t\t<\/div>\t\t\n\t\t<div class=\"creativesplanet-box-author\">\t\n\t\t    <div class=\"creativesplanet-box-img\"><div class=\"cspt-featured-wrapper\"><a href=\"https:\/\/iceafrica.ma\/fr\/testimonial\/jinnifer-bush\/\"><img decoding=\"async\" width=\"150\" height=\"150\" src=\"https:\/\/iceafrica.ma\/wp-content\/uploads\/2018\/02\/testimonial-2-150x150.jpg\" class=\"attachment-thumbnail size-thumbnail wp-post-image\" alt=\"\" srcset=\"https:\/\/iceafrica.ma\/wp-content\/uploads\/2018\/02\/testimonial-2.jpg 150w, https:\/\/iceafrica.ma\/wp-content\/uploads\/2018\/02\/testimonial-2-100x100.jpg 100w\" sizes=\"(max-width: 150px) 100vw, 150px\" data-id=\"8792\" \/><\/a><\/div><\/div>\t\n\t\t\t<h3 class=\"creativesplanet-box-title\">Mahfuz Riad<\/h3>\t\t\t\n\t\t\t<span class=\"cspt-designation\">CEO of Bata<\/span>\t\t\t<div class=\"creativesplanet-box-star-ratings\"><i class=\"cspt-base-icon-star cspt-globalcolor cspt-active\"><\/i><i class=\"cspt-base-icon-star cspt-globalcolor cspt-active\"><\/i><i class=\"cspt-base-icon-star cspt-globalcolor cspt-active\"><\/i><i class=\"cspt-base-icon-star cspt-globalcolor cspt-active\"><\/i><i class=\"cspt-base-icon-star cspt-globalcolor cspt-active\"><\/i><\/div>\t\t<\/div>\n\t<\/div>\t\n<\/div><\/article><\/div>\n\t\t\t<\/div>\n\n\t\t\t\n\t\t\n\t\t<\/div><!-- .creativesplanet-element-inner -->   <\/div><!-- .creativesplanet-element -->  \n\t    \t\t\t\t<\/div>\n\t\t\t\t<\/div>\n\t\t\t\t\t<\/div>\n\t\t<\/div>\n\t\t\t\t\t<\/div>\n\t\t<\/section>\n\t\t\t\t<section class=\"elementor-section elementor-top-section elementor-element elementor-element-1cb1c6c cspt-bg-color-yes cspt-elementor-bg-color-light elementor-section-stretched cspt-col-stretched-none cspt-bg-color-over-image elementor-section-boxed elementor-section-height-default elementor-section-height-default\" data-id=\"1cb1c6c\" data-element_type=\"section\" data-e-type=\"section\" data-settings=\"{&quot;stretch_section&quot;:&quot;section-stretched&quot;}\">\n\t\t\t\t\t\t<div class=\"elementor-container elementor-column-gap-default\">\n\t\t\t\t\t<div class=\"elementor-column elementor-col-100 elementor-top-column elementor-element elementor-element-b457acb cspt-bg-color-over-image\" data-id=\"b457acb\" data-element_type=\"column\" data-e-type=\"column\">\n\t\t\t<div class=\"elementor-widget-wrap elementor-element-populated\">\n\t\t\t\t\t\t<div class=\"elementor-element elementor-element-70646bb elementor-widget elementor-widget-cspt_team_element\" data-id=\"70646bb\" data-element_type=\"widget\" data-e-type=\"widget\" data-widget_type=\"cspt_team_element.default\">\n\t\t\t\t<div class=\"elementor-widget-container\">\n\t\t\t\t\t\n\t\t<div class=\"creativesplanet-element creativesplanet-element-team cspt-element-team-style-2 creativesplanet-element-viewtype-row-column creativesplanet-gap-30px\" data-show=\"4\" data-columns=\"4\" data-loop=\"false\" data-autoplay=\"false\" data-center=\"false\" data-nav=\"false\" data-dots=\"false\" data-autoplayspeed=\"1000\" data-margin=\"30px\"><div class=\"creativesplanet-element-inner\">\n\t\t\n\t\t\t\t\t\t<div class=\"cspt-ele-header-area\">\n\t\t\t\t\t<div class=\"cspt-heading-subheading center-align cspt-reverse-heading-yes\"><h4 class=\"cspt-element-subtitle\">\n\t\t\t\n\t\t\t\tNOS EMPLOY\u00c9S\n\t\t\t\n\t\t\t<\/h4>\n\t\t<h2 class=\"cspt-element-title\">\n\t\t\t\n\t\t\t\tRencontrer l'\u00e9quipe\n\n\t\t\t\n\t\t\t<\/h2>\n\t\t<div class=\"cspt-heading-desc\">L'\u00e9quipe d'ICE AFRICA poss\u00e8de une vaste exp\u00e9rience dans le secteur des produits de la mer et est experte dans son domaine.\n\n<\/div><\/div>\t\t\t\t\t\t\t<\/div>\n\t\t\t\t\t\t\n\t\t\t\n\t\t\t<div class=\"cspt-element-posts-wrapper row multi-columns-row\">\n\n\t\t\t<div class=\"cspt-ele cspt-team-ele col-md-6 col-lg-3\"><article class=\"creativesplanet-ele creativesplanet-ele-team cspt-team-style-2\">\n\t<div class=\"creativesplanet-post-item\">\n\t\t<div class=\"creativesplanet-team-image-box\">\t\t\t\n\t\t\t<div class=\"cspt-featured-wrapper\"><a href=\"https:\/\/iceafrica.ma\/fr\/team-member\/gisli-jon-gustafsson\/\"><img fetchpriority=\"high\" decoding=\"async\" width=\"350\" height=\"500\" src=\"https:\/\/iceafrica.ma\/wp-content\/uploads\/2018\/12\/2.png\" class=\"attachment-cspt-img-500x580 size-cspt-img-500x580 wp-post-image\" alt=\"\" srcset=\"https:\/\/iceafrica.ma\/wp-content\/uploads\/2018\/12\/2.png 350w, https:\/\/iceafrica.ma\/wp-content\/uploads\/2018\/12\/2-210x300.png 210w, https:\/\/iceafrica.ma\/wp-content\/uploads\/2018\/12\/2-8x12.png 8w\" sizes=\"(max-width: 350px) 100vw, 350px\" data-id=\"19463\" \/><\/a><\/div>\t\t<\/div>\n\t\t<div class=\"creativesplanet-box-content\">\n\t\t\t<div class=\"creativesplanet-box-content-inner\">\n\t\t\t\t<div class=\"creativesplanet-box-team-position\">\n\t\t\t\t\t\t\t<div class=\"creativesplanet-box-team-position\">PDG<\/div>\n\t\t\t\t\t\t<\/div>\t\n\t\t\t\t<h3 class=\"cspt-team-title\"><a href=\"https:\/\/iceafrica.ma\/fr\/team-member\/gisli-jon-gustafsson\/\">Gisli Jon Gustafsson<\/a><\/h3>\n\t\t\t<\/div>\n\t\t\t<div class=\"creativesplanet-box-social-links\"><ul class=\"cspt-social-links cspt-team-social-links\"><li class=\"cspt-social-li cspt-social-gbusiness\"><a href=\"mailto:gjg@iceafrica.ma%20\" title=\"Google My Business\" target=\"_blank\"><span><i class=\"cspt-base-icon-google\"><\/i><\/span><\/a><\/li><\/ul><\/div>\t\t\n\t\t<\/div>\t\t\n\t<\/div>\n<\/article>\n <\/div><div class=\"cspt-ele cspt-team-ele col-md-6 col-lg-3\"><article class=\"creativesplanet-ele creativesplanet-ele-team cspt-team-style-2\">\n\t<div class=\"creativesplanet-post-item\">\n\t\t<div class=\"creativesplanet-team-image-box\">\t\t\t\n\t\t\t<div class=\"cspt-featured-wrapper\"><a href=\"https:\/\/iceafrica.ma\/fr\/team-member\/aarafat-elhajjami\/\"><img decoding=\"async\" width=\"350\" height=\"500\" src=\"https:\/\/iceafrica.ma\/wp-content\/uploads\/2018\/12\/1.png\" class=\"attachment-cspt-img-500x580 size-cspt-img-500x580 wp-post-image\" alt=\"\" srcset=\"https:\/\/iceafrica.ma\/wp-content\/uploads\/2018\/12\/1.png 350w, https:\/\/iceafrica.ma\/wp-content\/uploads\/2018\/12\/1-210x300.png 210w, https:\/\/iceafrica.ma\/wp-content\/uploads\/2018\/12\/1-8x12.png 8w\" sizes=\"(max-width: 350px) 100vw, 350px\" data-id=\"19462\" \/><\/a><\/div>\t\t<\/div>\n\t\t<div class=\"creativesplanet-box-content\">\n\t\t\t<div class=\"creativesplanet-box-content-inner\">\n\t\t\t\t<div class=\"creativesplanet-box-team-position\">\n\t\t\t\t\t\t\t<div class=\"creativesplanet-box-team-position\">Sourcing and Logistics Manager<\/div>\n\t\t\t\t\t\t<\/div>\t\n\t\t\t\t<h3 class=\"cspt-team-title\"><a href=\"https:\/\/iceafrica.ma\/fr\/team-member\/aarafat-elhajjami\/\">Aarafat Elhajjami<\/a><\/h3>\n\t\t\t<\/div>\n\t\t\t<div class=\"creativesplanet-box-social-links\"><ul class=\"cspt-social-links cspt-team-social-links\"><li class=\"cspt-social-li cspt-social-gbusiness\"><a href=\"mailto:arafat@iceafrica.ma\" title=\"Google My Business\" target=\"_blank\"><span><i class=\"cspt-base-icon-google\"><\/i><\/span><\/a><\/li><\/ul><\/div>\t\t\n\t\t<\/div>\t\t\n\t<\/div>\n<\/article>\n <\/div><div class=\"cspt-ele cspt-team-ele col-md-6 col-lg-3\"><article class=\"creativesplanet-ele creativesplanet-ele-team cspt-team-style-2\">\n\t<div class=\"creativesplanet-post-item\">\n\t\t<div class=\"creativesplanet-team-image-box\">\t\t\t\n\t\t\t<div class=\"cspt-featured-wrapper\"><a href=\"https:\/\/iceafrica.ma\/fr\/team-member\/majda-labdag\/\"><img loading=\"lazy\" decoding=\"async\" width=\"350\" height=\"500\" src=\"https:\/\/iceafrica.ma\/wp-content\/uploads\/2018\/12\/4.png\" class=\"attachment-cspt-img-500x580 size-cspt-img-500x580 wp-post-image\" alt=\"\" srcset=\"https:\/\/iceafrica.ma\/wp-content\/uploads\/2018\/12\/4.png 350w, https:\/\/iceafrica.ma\/wp-content\/uploads\/2018\/12\/4-210x300.png 210w, https:\/\/iceafrica.ma\/wp-content\/uploads\/2018\/12\/4-8x12.png 8w\" sizes=\"(max-width: 350px) 100vw, 350px\" data-id=\"19465\" \/><\/a><\/div>\t\t<\/div>\n\t\t<div class=\"creativesplanet-box-content\">\n\t\t\t<div class=\"creativesplanet-box-content-inner\">\n\t\t\t\t<div class=\"creativesplanet-box-team-position\">\n\t\t\t\t\t\t\t<div class=\"creativesplanet-box-team-position\">Responsable administrative et financi\u00e8re<\/div>\n\t\t\t\t\t\t<\/div>\t\n\t\t\t\t<h3 class=\"cspt-team-title\"><a href=\"https:\/\/iceafrica.ma\/fr\/team-member\/majda-labdag\/\">Majda Labdag<\/a><\/h3>\n\t\t\t<\/div>\n\t\t\t<div class=\"creativesplanet-box-social-links\"><ul class=\"cspt-social-links cspt-team-social-links\"><li class=\"cspt-social-li cspt-social-gbusiness\"><a href=\"mailto:majda@iceafrica.ma%20\" title=\"Google My Business\" target=\"_blank\"><span><i class=\"cspt-base-icon-google\"><\/i><\/span><\/a><\/li><\/ul><\/div>\t\t\n\t\t<\/div>\t\t\n\t<\/div>\n<\/article>\n <\/div><div class=\"cspt-ele cspt-team-ele col-md-6 col-lg-3\"><article class=\"creativesplanet-ele creativesplanet-ele-team cspt-team-style-2\">\n\t<div class=\"creativesplanet-post-item\">\n\t\t<div class=\"creativesplanet-team-image-box\">\t\t\t\n\t\t\t<div class=\"cspt-featured-wrapper\"><a href=\"https:\/\/iceafrica.ma\/fr\/team-member\/keltouma-sidad\/\"><img loading=\"lazy\" decoding=\"async\" width=\"350\" height=\"500\" src=\"https:\/\/iceafrica.ma\/wp-content\/uploads\/2018\/12\/3.png\" class=\"attachment-cspt-img-500x580 size-cspt-img-500x580 wp-post-image\" alt=\"\" srcset=\"https:\/\/iceafrica.ma\/wp-content\/uploads\/2018\/12\/3.png 350w, https:\/\/iceafrica.ma\/wp-content\/uploads\/2018\/12\/3-210x300.png 210w, https:\/\/iceafrica.ma\/wp-content\/uploads\/2018\/12\/3-8x12.png 8w\" sizes=\"(max-width: 350px) 100vw, 350px\" data-id=\"19464\" \/><\/a><\/div>\t\t<\/div>\n\t\t<div class=\"creativesplanet-box-content\">\n\t\t\t<div class=\"creativesplanet-box-content-inner\">\n\t\t\t\t<div class=\"creativesplanet-box-team-position\">\n\t\t\t\t\t\t\t<div class=\"creativesplanet-box-team-position\">Assistante direction<\/div>\n\t\t\t\t\t\t<\/div>\t\n\t\t\t\t<h3 class=\"cspt-team-title\"><a href=\"https:\/\/iceafrica.ma\/fr\/team-member\/keltouma-sidad\/\">Keltouma Sidad<\/a><\/h3>\n\t\t\t<\/div>\n\t\t\t<div class=\"creativesplanet-box-social-links\"><ul class=\"cspt-social-links cspt-team-social-links\"><li class=\"cspt-social-li cspt-social-gbusiness\"><a href=\"mailto:kati@iceafrica.ma%20\" title=\"Google My Business\" target=\"_blank\"><span><i class=\"cspt-base-icon-google\"><\/i><\/span><\/a><\/li><\/ul><\/div>\t\t\n\t\t<\/div>\t\t\n\t<\/div>\n<\/article>\n <\/div>\n\n\t\t\t<\/div>\n\n\t\t\t\n\t\t\n\t\t<\/div><!-- .creativesplanet-element-inner -->   <\/div><!-- .creativesplanet-element -->  \n\t    \t\t\t\t<\/div>\n\t\t\t\t<\/div>\n\t\t\t\t\t<\/div>\n\t\t<\/div>\n\t\t\t\t\t<\/div>\n\t\t<\/section>\n\t\t\t\t<\/div>","protected":false},"excerpt":{"rendered":"<p>OUR COMPANY ICE AFRICA SARL Ice Africa sarl was founded in 2011 and has been buying selling producing and co-packing both canned and frozen fish. our countries of supply are Iceland, Namibia, Spain, and Morocco were the bulk of the supply comes from.&nbsp; We emphasize that our products are produced from the freshest raw material [&hellip;]<\/p>\n","protected":false},"author":1,"featured_media":0,"parent":0,"menu_order":8,"comment_status":"closed","ping_status":"closed","template":"","meta":{"_acf_changed":false,"_monsterinsights_skip_tracking":false,"_monsterinsights_sitenote_active":false,"_monsterinsights_sitenote_note":"","_monsterinsights_sitenote_category":0,"footnotes":""},"class_list":["post-17357","page","type-page","status-publish","hentry"],"acf":[],"aioseo_notices":[],"_links":{"self":[{"href":"https:\/\/iceafrica.ma\/fr\/wp-json\/wp\/v2\/pages\/17357","targetHints":{"allow":["GET"]}}],"collection":[{"href":"https:\/\/iceafrica.ma\/fr\/wp-json\/wp\/v2\/pages"}],"about":[{"href":"https:\/\/iceafrica.ma\/fr\/wp-json\/wp\/v2\/types\/page"}],"author":[{"embeddable":true,"href":"https:\/\/iceafrica.ma\/fr\/wp-json\/wp\/v2\/users\/1"}],"replies":[{"embeddable":true,"href":"https:\/\/iceafrica.ma\/fr\/wp-json\/wp\/v2\/comments?post=17357"}],"version-history":[{"count":22,"href":"https:\/\/iceafrica.ma\/fr\/wp-json\/wp\/v2\/pages\/17357\/revisions"}],"predecessor-version":[{"id":19573,"href":"https:\/\/iceafrica.ma\/fr\/wp-json\/wp\/v2\/pages\/17357\/revisions\/19573"}],"wp:attachment":[{"href":"https:\/\/iceafrica.ma\/fr\/wp-json\/wp\/v2\/media?parent=17357"}],"curies":[{"name":"wp","href":"https:\/\/api.w.org\/{rel}","templated":true}]}}